{"id":260,"date":"2018-11-29T21:33:06","date_gmt":"2018-11-29T21:33:06","guid":{"rendered":"http:\/\/www.fangosto.com\/am\/?page_id=260"},"modified":"2019-02-05T22:14:44","modified_gmt":"2019-02-05T22:14:44","slug":"sobre_mi","status":"publish","type":"page","link":"https:\/\/www.fangosto.com\/am\/sobre_mi\/","title":{"rendered":"Sobre m\u00ed"},"content":{"rendered":"\t\t<div data-elementor-type=\"wp-post\" data-elementor-id=\"260\" class=\"elementor elementor-260 elementor-bc-flex-widget\" data-elementor-settings=\"[]\">\n\t\t\t\t\t\t<div class=\"elementor-inner\">\n\t\t\t\t\t\t\t<div class=\"elementor-section-wrap\">\n\t\t\t\t\t\t\t<section class=\"elementor-section elementor-top-section elementor-element elementor-element-8cfd3d3 elementor-section-boxed elementor-section-height-default elementor-section-height-default\" data-id=\"8cfd3d3\" data-element_type=\"section\">\n\t\t\t\t\t\t<div class=\"elementor-container elementor-column-gap-default\">\n\t\t\t\t\t\t\t<div class=\"elementor-row\">\n\t\t\t\t\t<div class=\"elementor-column elementor-col-33 elementor-top-column elementor-element elementor-element-e43ce08\" data-id=\"e43ce08\" data-element_type=\"column\">\n\t\t\t<div class=\"elementor-column-wrap elementor-element-populated\">\n\t\t\t\t\t\t\t<div class=\"elementor-widget-wrap\">\n\t\t\t\t\t\t<div class=\"elementor-element elementor-element-24811a3 elementor-widget elementor-widget-image\" data-id=\"24811a3\" data-element_type=\"widget\" data-widget_type=\"image.default\">\n\t\t\t\t<div class=\"elementor-widget-container\">\n\t\t\t\t\t\t\t\t<div class=\"elementor-image\">\n\t\t\t\t\t\t\t\t\t\t\t\t<img width=\"229\" height=\"300\" src=\"https:\/\/www.fangosto.com\/am\/wp-content\/uploads\/2018\/11\/AlbertoGrande-229x300.jpg\" class=\"attachment-medium size-medium\" alt=\"\" loading=\"lazy\" srcset=\"https:\/\/www.fangosto.com\/am\/wp-content\/uploads\/2018\/11\/AlbertoGrande-229x300.jpg 229w, https:\/\/www.fangosto.com\/am\/wp-content\/uploads\/2018\/11\/AlbertoGrande.jpg 768w\" sizes=\"100vw\" \/>\t\t\t\t\t\t\t\t\t\t\t\t\t\t<\/div>\n\t\t\t\t\t\t<\/div>\n\t\t\t\t<\/div>\n\t\t\t\t\t\t<\/div>\n\t\t\t\t\t<\/div>\n\t\t<\/div>\n\t\t\t\t<div class=\"elementor-column elementor-col-33 elementor-top-column elementor-element elementor-element-6c06cef\" data-id=\"6c06cef\" data-element_type=\"column\">\n\t\t\t<div class=\"elementor-column-wrap elementor-element-populated\">\n\t\t\t\t\t\t\t<div class=\"elementor-widget-wrap\">\n\t\t\t\t\t\t<div class=\"elementor-element elementor-element-5a9df3f elementor-widget elementor-widget-heading\" data-id=\"5a9df3f\" data-element_type=\"widget\" data-widget_type=\"heading.default\">\n\t\t\t\t<div class=\"elementor-widget-container\">\n\t\t\t<h2 class=\"elementor-heading-title elementor-size-default\">Yo soy Alberto M\u00ednguez<\/h2>\t\t<\/div>\n\t\t\t\t<\/div>\n\t\t\t\t\t\t<\/div>\n\t\t\t\t\t<\/div>\n\t\t<\/div>\n\t\t\t\t<div class=\"elementor-column elementor-col-33 elementor-top-column elementor-element elementor-element-8a26d63\" data-id=\"8a26d63\" data-element_type=\"column\">\n\t\t\t<div class=\"elementor-column-wrap elementor-element-populated\">\n\t\t\t\t\t\t\t<div class=\"elementor-widget-wrap\">\n\t\t\t\t\t\t<div class=\"elementor-element elementor-element-6563767 elementor-align-right elementor-mobile-align-center elementor-invisible elementor-widget elementor-widget-default-navmenu\" data-id=\"6563767\" data-element_type=\"widget\" data-settings=\"{&quot;_animation&quot;:&quot;fadeInRight&quot;}\" data-widget_type=\"default-navmenu.default\">\n\t\t\t\t<div class=\"elementor-widget-container\">\n\t\t\t<div id=\"elementor-header-primary\" class=\"elementor-header\">\t\t\t<button id=\"elementor-menu-toggle\" class=\"elementor-menu-toggle\"><i class=\"fa fa-navicon\"><\/i><\/button>\n\t\t\t<div id=\"elementor-menu\" class=\"elementor-menu\">\n\t\t\t\n\t\t\t\t<nav itemtype=\"http:\/\/schema.org\/SiteNavigationElement\" itemscope=\"itemscope\" id=\"elementor-navigation\" class=\"elementor-navigation\" role=\"navigation\" aria-label=\"Elementor Menu\">\t\t\t\t\n\t\t\t\t<ul id=\"elementor-navmenu\" class=\"elementor-nav-menu\"><li id=\"menu-item-56\" class=\"menu-item menu-item-type-custom menu-item-object-custom menu-item-56\"><a href=\"http:\/\/www.fangosto.com\/am\/albertominguez\">Inicio<\/a><\/li>\n<li id=\"menu-item-300\" class=\"menu-item menu-item-type-post_type menu-item-object-page menu-item-300\"><a href=\"https:\/\/www.fangosto.com\/am\/sobre_mi\/\">Sobre m\u00ed<\/a><\/li>\n<li id=\"menu-item-314\" class=\"menu-item menu-item-type-post_type menu-item-object-page menu-item-314\"><a href=\"https:\/\/www.fangosto.com\/am\/pinta_y_colorea\/\">Pinta y colorea<\/a><\/li>\n<li id=\"menu-item-340\" class=\"menu-item menu-item-type-post_type menu-item-object-page menu-item-340\"><a href=\"https:\/\/www.fangosto.com\/am\/albertominguez\/performance\/\">Performance<\/a><\/li>\n<\/ul>\t\t\n\t\t\t\t\t\t\t\t<\/nav>\n\t\t\t<\/div>\n\t\t<\/div>\n\t\t\t\t<\/div>\n\t\t\t\t<\/div>\n\t\t\t\t\t\t<\/div>\n\t\t\t\t\t<\/div>\n\t\t<\/div>\n\t\t\t\t\t\t\t\t<\/div>\n\t\t\t\t\t<\/div>\n\t\t<\/section>\n\t\t\t\t<section class=\"elementor-section elementor-top-section elementor-element elementor-element-f74a14b elementor-section-boxed elementor-section-height-default elementor-section-height-default\" data-id=\"f74a14b\" data-element_type=\"section\">\n\t\t\t\t\t\t<div class=\"elementor-container elementor-column-gap-default\">\n\t\t\t\t\t\t\t<div class=\"elementor-row\">\n\t\t\t\t\t<div class=\"elementor-column elementor-col-100 elementor-top-column elementor-element elementor-element-9fd2425\" data-id=\"9fd2425\" data-element_type=\"column\">\n\t\t\t<div class=\"elementor-column-wrap elementor-element-populated\">\n\t\t\t\t\t\t\t<div class=\"elementor-widget-wrap\">\n\t\t\t\t\t\t<div class=\"elementor-element elementor-element-3c1fead elementor-widget-divider--view-line elementor-widget elementor-widget-divider\" data-id=\"3c1fead\" data-element_type=\"widget\" data-widget_type=\"divider.default\">\n\t\t\t\t<div class=\"elementor-widget-container\">\n\t\t\t\t\t<div class=\"elementor-divider\">\n\t\t\t<span class=\"elementor-divider-separator\">\n\t\t\t\t\t\t<\/span>\n\t\t<\/div>\n\t\t\t\t<\/div>\n\t\t\t\t<\/div>\n\t\t\t\t\t\t<\/div>\n\t\t\t\t\t<\/div>\n\t\t<\/div>\n\t\t\t\t\t\t\t\t<\/div>\n\t\t\t\t\t<\/div>\n\t\t<\/section>\n\t\t\t\t<section class=\"elementor-section elementor-top-section elementor-element elementor-element-cf8fdf2 elementor-section-boxed elementor-section-height-default elementor-section-height-default\" data-id=\"cf8fdf2\" data-element_type=\"section\">\n\t\t\t\t\t\t<div class=\"elementor-container elementor-column-gap-default\">\n\t\t\t\t\t\t\t<div class=\"elementor-row\">\n\t\t\t\t\t<div class=\"elementor-column elementor-col-33 elementor-top-column elementor-element elementor-element-df7e04e\" data-id=\"df7e04e\" data-element_type=\"column\">\n\t\t\t<div class=\"elementor-column-wrap elementor-element-populated\">\n\t\t\t\t\t\t\t<div class=\"elementor-widget-wrap\">\n\t\t\t\t\t\t<div class=\"elementor-element elementor-element-069c9f6 elementor-widget elementor-widget-text-editor\" data-id=\"069c9f6\" data-element_type=\"widget\" data-widget_type=\"text-editor.default\">\n\t\t\t\t<div class=\"elementor-widget-container\">\n\t\t\t\t\t\t\t\t<div class=\"elementor-text-editor elementor-clearfix\">\n\t\t\t\tNac\u00ed en Barcelona el 7 de Febrero de 1967. Tengo un hijo:\u00a0 Alvaro, que si se empe\u00f1a es el que pintar\u00e1 mejor de toda la familia .Mis padres se llaman Roberto y Rafaela y tengo dos hermanos, Bego\u00f1a y Carlos.<br><br>Resido actualmente en Barcelona,\u00a0 Viv\u00ed en Madrid y Sevilla durante 7 a\u00f1os. Pas\u00e9 los primeros veranos de mi infancia en el pueblo de mi abuelo Hontangas (Burgos) y a\u00f1os m\u00e1s tarde me compr\u00e9 una casa en L\u00b4Armentera (Gerona) al que a veces tontamente llamo mi Reino. De pueblo en pueblo\u2026de paisaje en paisaje. A cual mas bonitos.<br><br>Por ello , por mi pasado y porque hay que tener las neuronas abiertas siempre soy de todos los sitios y no elegir\u00eda nunca uno. Por qu\u00e9 elegir habiendo tantos.<br><br>Curs\u00e9 estudios de Publicidad en la Facultad de Bellatera (Barcelona) en Ciencias de la Informaci\u00f3n y he hecho cursos de ilustraci\u00f3n publicitaria (aer\u00f3grafo \/ c\u00f3mic) en Escuela JOSO (Barcelona) adem\u00e1s de formarme en el mundo digital hace un a\u00f1o en la Pompeu Fabra cursando un M\u00e1ster de Marketing Digital.<br><br>Desde hace 20 a\u00f1os he estado desarrollando mi carrera profesional en el mundo de los Medios de Comunicaci\u00f3n (Prisa, Antena 3 TV, Vocento, Publiseis).. una carrera larga y bien aprovechada que me ha dado buenas experiencias, buenos amigos y he podido conocer las empresas por dentro con todas sus grandezas y sus menos grandezas.<br><br>Desde entonces hice un buen grupo de amigos que me han acompa\u00f1ado hasta hora.<br><br>Lugares que he estado lugares que he conseguido tener buenos amigos. Esa es mi herencia.<br><br>Desde hace menos de un a\u00f1o formo parte de una agencia de Publicidad y Comunicaci\u00f3n llamada READY. Es la primera vez que formo parte de un proyecto propio y estoy rodeado de la gente que quiero, admiro y solo por eso, nuestro futuro est\u00e1 d\u00eda a d\u00eda mas cerca.\t\t\t\t\t<\/div>\n\t\t\t\t\t\t<\/div>\n\t\t\t\t<\/div>\n\t\t\t\t\t\t<\/div>\n\t\t\t\t\t<\/div>\n\t\t<\/div>\n\t\t\t\t<div class=\"elementor-column elementor-col-33 elementor-top-column elementor-element elementor-element-8fadc9b\" data-id=\"8fadc9b\" data-element_type=\"column\">\n\t\t\t<div class=\"elementor-column-wrap elementor-element-populated\">\n\t\t\t\t\t\t\t<div class=\"elementor-widget-wrap\">\n\t\t\t\t\t\t<div class=\"elementor-element elementor-element-480e7c9 elementor-widget elementor-widget-text-editor\" data-id=\"480e7c9\" data-element_type=\"widget\" data-widget_type=\"text-editor.default\">\n\t\t\t\t<div class=\"elementor-widget-container\">\n\t\t\t\t\t\t\t\t<div class=\"elementor-text-editor elementor-clearfix\">\n\t\t\t\tLa ilusi\u00f3n y las ganas de hacer las cosas bien es nuestra mayor aval.<br><br>Desde mi infancia, y por la influencia de dos de los hermanos de mi padre, Carlos M\u00ednguez y Fernando M\u00ednguez, me gust\u00f3 pintar (pint\u00e9 mucho a su lado) y desde entonces he desarrollado mi carrera pict\u00f3rica desde la afici\u00f3n y la voluntad de crecer como artista .No s\u00e9 si lo habr\u00e9 conseguido pero me sigue gustando como el\u00a0 primer d\u00eda.<br><br>He procurado beber de todos los pintores que veo casi cada d\u00eda en cualquier formato, foto o exposici\u00f3n.<br><br>No llegar\u00e9 a ser como la mayor\u00eda\u00a0 de ellos pero mi estilo creo que es directo, colorista y lleno de referencias a los sitios y pensamientos que voy teniendo. Que son muchos.<br><br>Mis d\u00edas en Madrid, en Sevilla, mi infancia en Castilla, el Alt Empord\u00e0, mis viajes por Am\u00e9rica y Africa le han dado a mis cuadros sobre todo visi\u00f3n de color y luz. Algo tan dif\u00edcil y a la vez tan f\u00e1cil de conseguir si se ve con ojos de b\u00fasqueda, pasi\u00f3n y bocetando en tu cerebro un cuadro o un dibujo de cada una de las cosas que veo a mi alrededor.<br><br>Una man\u00eda como otra cualquiera.<br><br>No persigo a la luz ni el color ni las formas, como se suele decir en los pintores, porque no dejar\u00e1n que los alcance nunca nadie. Me gusta m\u00e1s decir que las quiero entender, que las quiero desentra\u00f1ar y que alg\u00fan d\u00eda me dejen que las\u00a0 plasme tal como son. Aunque sea un rato.<br><br>Los grandes pintores, encabezados siempre por el Sevillano, nos dejaron tantas emociones entre cuatro listones que uno lo que imagina es poder ser alg\u00fan d\u00eda como ellos y so\u00f1ar que alg\u00fan cuadro m\u00edo pueda tener la vida y tiempo suficientes para que lo puedan ver muchas personas, y que al final al contemplarlo, puedan decir simplemente: \u00abMira! Este me gusta\u00bb.\t\t\t\t\t<\/div>\n\t\t\t\t\t\t<\/div>\n\t\t\t\t<\/div>\n\t\t\t\t\t\t<\/div>\n\t\t\t\t\t<\/div>\n\t\t<\/div>\n\t\t\t\t<div class=\"elementor-column elementor-col-33 elementor-top-column elementor-element elementor-element-e9f9416\" data-id=\"e9f9416\" data-element_type=\"column\">\n\t\t\t<div class=\"elementor-column-wrap elementor-element-populated\">\n\t\t\t\t\t\t\t<div class=\"elementor-widget-wrap\">\n\t\t\t\t\t\t<div class=\"elementor-element elementor-element-da4bd4d elementor-widget elementor-widget-text-editor\" data-id=\"da4bd4d\" data-element_type=\"widget\" data-widget_type=\"text-editor.default\">\n\t\t\t\t<div class=\"elementor-widget-container\">\n\t\t\t\t\t\t\t\t<div class=\"elementor-text-editor elementor-clearfix\">\n\t\t\t\t<p>Esos sue\u00f1os que tiene uno. Que Aladdin me dejara su l\u00e1mpara para pedirle que me dejara\u00a0 ver pintar uncuadro, trasladarme a ese espacio, ese momento , esa pincelada y ver c\u00f3mo lo viv\u00edan se\u00f1ores como Vel\u00e1zquez, Goya, Vermeer, Degas, Toulousse-Lautrec, Dal\u00ed , Picasso, Sorolla, Barcel\u00f3..y tantos y tantos maestros.<\/p><p>\u00bfUsuales? \u00bfT\u00edpicos? Que alguien los iguale!(bueno : no nos pongamos estupendos\u2026tambi\u00e9n me gustar\u00eda haber estado en la ultima sesi\u00f3n de fotos que hizo Marilyn Monroe con Bert Stern , pero ya son otro tipo de deseos)<\/p><p>Esta es parte de mi obra. Ha habido muchos, malos mal\u00edsimos o peores. Los que se salvan est\u00e1n y estar\u00e1n aqu\u00ed porque quiero que sea una ventana abierta al Mundo por muy peque\u00f1o que parezca. Nunca se analiz\u00f3 el gusto de un marciano o un Venusiano, pero por si acaso, va tambi\u00e9n por ellos. Mercado a descubrir.<\/p><p id=\"u267-15\">Mis anteriores exposiciones:<\/p><p>SUPERMERCADO DEL ARTE , Exposici\u00f3n colectiva , Sevilla, Barcelona y Madrid. Diciembre 1996.<\/p><p>SUPERMERCADO DEL ARTE , Exposici\u00f3n colectiva Diciembre 1997 (Barcelona y Madrid)<\/p><p>SUPERMERCADO DEL ARTE , Exposici\u00f3n colectiva.\u00a0 1998 (Barcelona)<\/p><p>GALERIA EL CARME Exposici\u00f3n individual. 2002. Vic (Barcelona)<\/p><p>RESTAURANTE EL PESCADITO, 2008 (Barcelona)<\/p><p>GALERIA\/BAR BLAU 2009<\/p><p>GALERIA\/BAR BLAU 2009\u00a0 \u00abDel Momento\u00bb\u00a0 Febrero 2011. (El Masnou ,Barcelona)<\/p><p>AUDITORI MUNICIPAL MONTCADA I REIXAC\u00a0 \u00abAntolog\u00eda de un d\u00eda\u00bb<\/p><p>Exposici\u00f3n individual, Abril 2010(Montcada i Reixac Barcelona)<\/p>\t\t\t\t\t<\/div>\n\t\t\t\t\t\t<\/div>\n\t\t\t\t<\/div>\n\t\t\t\t\t\t<\/div>\n\t\t\t\t\t<\/div>\n\t\t<\/div>\n\t\t\t\t\t\t\t\t<\/div>\n\t\t\t\t\t<\/div>\n\t\t<\/section>\n\t\t\t\t<section class=\"elementor-section elementor-top-section elementor-element elementor-element-66ae0121 elementor-section-boxed elementor-section-height-default elementor-section-height-default\" data-id=\"66ae0121\" data-element_type=\"section\" data-settings=\"{&quot;background_background&quot;:&quot;classic&quot;}\">\n\t\t\t\t\t\t<div class=\"elementor-container elementor-column-gap-default\">\n\t\t\t\t\t\t\t<div class=\"elementor-row\">\n\t\t\t\t\t<div class=\"elementor-column elementor-col-100 elementor-top-column elementor-element elementor-element-7b944ad\" data-id=\"7b944ad\" data-element_type=\"column\">\n\t\t\t<div class=\"elementor-column-wrap elementor-element-populated\">\n\t\t\t\t\t\t\t<div class=\"elementor-widget-wrap\">\n\t\t\t\t\t\t<div class=\"elementor-element elementor-element-60ada00f elementor-shape-circle elementor-grid-0 e-grid-align-center elementor-widget elementor-widget-social-icons\" data-id=\"60ada00f\" data-element_type=\"widget\" data-widget_type=\"social-icons.default\">\n\t\t\t\t<div class=\"elementor-widget-container\">\n\t\t\t\t\t<div class=\"elementor-social-icons-wrapper elementor-grid\">\n\t\t\t\t\t\t\t<span class=\"elementor-grid-item\">\n\t\t\t\t\t<a class=\"elementor-icon elementor-social-icon elementor-social-icon-envelope elementor-repeater-item-8d09afd\" href=\"mailto:onebigtime@hotmail.es\" target=\"_blank\">\n\t\t\t\t\t\t<span class=\"elementor-screen-only\">Envelope<\/span>\n\t\t\t\t\t\t\t\t\t\t\t\t\t<i class=\"fa fa-envelope\"><\/i>\n\t\t\t\t\t\t\t\t\t\t\t<\/a>\n\t\t\t\t<\/span>\n\t\t\t\t\t\t\t<span class=\"elementor-grid-item\">\n\t\t\t\t\t<a class=\"elementor-icon elementor-social-icon elementor-social-icon-facebook elementor-repeater-item-dc99a00\" href=\"https:\/\/www.facebook.com\/alberto.minguezcarrasco\" target=\"_blank\">\n\t\t\t\t\t\t<span class=\"elementor-screen-only\">Facebook<\/span>\n\t\t\t\t\t\t\t\t\t\t\t\t\t<i class=\"fa fa-facebook\"><\/i>\n\t\t\t\t\t\t\t\t\t\t\t<\/a>\n\t\t\t\t<\/span>\n\t\t\t\t\t\t\t<span class=\"elementor-grid-item\">\n\t\t\t\t\t<a class=\"elementor-icon elementor-social-icon elementor-social-icon-pinterest elementor-repeater-item-ec332da\" href=\"https:\/\/www.pinterest.com\/albertominguez\" target=\"_blank\">\n\t\t\t\t\t\t<span class=\"elementor-screen-only\">Pinterest<\/span>\n\t\t\t\t\t\t\t\t\t\t\t\t\t<i class=\"fa fa-pinterest\"><\/i>\n\t\t\t\t\t\t\t\t\t\t\t<\/a>\n\t\t\t\t<\/span>\n\t\t\t\t\t\t\t<span class=\"elementor-grid-item\">\n\t\t\t\t\t<a class=\"elementor-icon elementor-social-icon elementor-social-icon-flickr elementor-repeater-item-1bcc65a\" href=\"http:\/\/www.flickr.com\/people\/109210747@N03\" target=\"_blank\">\n\t\t\t\t\t\t<span class=\"elementor-screen-only\">Flickr<\/span>\n\t\t\t\t\t\t\t\t\t\t\t\t\t<i class=\"fa fa-flickr\"><\/i>\n\t\t\t\t\t\t\t\t\t\t\t<\/a>\n\t\t\t\t<\/span>\n\t\t\t\t\t\t\t<span class=\"elementor-grid-item\">\n\t\t\t\t\t<a class=\"elementor-icon elementor-social-icon elementor-social-icon-whatsapp elementor-repeater-item-f5a9667\" href=\"https:\/\/api.whatsapp.com\/send?phone=+34618777667\" target=\"_blank\">\n\t\t\t\t\t\t<span class=\"elementor-screen-only\">Whatsapp<\/span>\n\t\t\t\t\t\t\t\t\t\t\t\t\t<i class=\"fa fa-whatsapp\"><\/i>\n\t\t\t\t\t\t\t\t\t\t\t<\/a>\n\t\t\t\t<\/span>\n\t\t\t\t\t<\/div>\n\t\t\t\t<\/div>\n\t\t\t\t<\/div>\n\t\t\t\t\t\t<\/div>\n\t\t\t\t\t<\/div>\n\t\t<\/div>\n\t\t\t\t\t\t\t\t<\/div>\n\t\t\t\t\t<\/div>\n\t\t<\/section>\n\t\t\t\t\t\t<\/div>\n\t\t\t\t\t\t<\/div>\n\t\t\t\t\t<\/div>\n\t\t","protected":false},"excerpt":{"rendered":"<p>Yo soy Alberto M\u00ednguez &nbsp; Inicio Sobre m\u00ed Nac\u00ed en Barcelona el 7 de Febrero de 1967. Tengo un hijo:\u00a0 Alvaro, que si se empe\u00f1a es el que pintar\u00e1 mejor de toda la familia .Mis padres se llaman Roberto y Rafaela y tengo dos hermanos, Bego\u00f1a y Carlos. Resido actualmente en Barcelona,\u00a0 Viv\u00ed en Madrid &hellip; <\/p>\n<p class=\"link-more\"><a href=\"https:\/\/www.fangosto.com\/am\/sobre_mi\/\" class=\"more-link\">Continuar leyendo<span class=\"screen-reader-text\"> \u00abSobre m\u00ed\u00bb<\/span><\/a><\/p>\n","protected":false},"author":1,"featured_media":0,"parent":0,"menu_order":0,"comment_status":"closed","ping_status":"closed","template":"elementor_canvas","meta":[],"_links":{"self":[{"href":"https:\/\/www.fangosto.com\/am\/wp-json\/wp\/v2\/pages\/260"}],"collection":[{"href":"https:\/\/www.fangosto.com\/am\/wp-json\/wp\/v2\/pages"}],"about":[{"href":"https:\/\/www.fangosto.com\/am\/wp-json\/wp\/v2\/types\/page"}],"author":[{"embeddable":true,"href":"https:\/\/www.fangosto.com\/am\/wp-json\/wp\/v2\/users\/1"}],"replies":[{"embeddable":true,"href":"https:\/\/www.fangosto.com\/am\/wp-json\/wp\/v2\/comments?post=260"}],"version-history":[{"count":10,"href":"https:\/\/www.fangosto.com\/am\/wp-json\/wp\/v2\/pages\/260\/revisions"}],"predecessor-version":[{"id":369,"href":"https:\/\/www.fangosto.com\/am\/wp-json\/wp\/v2\/pages\/260\/revisions\/369"}],"wp:attachment":[{"href":"https:\/\/www.fangosto.com\/am\/wp-json\/wp\/v2\/media?parent=260"}],"curies":[{"name":"wp","href":"https:\/\/api.w.org\/{rel}","templated":true}]}}