{"id":304,"date":"2019-01-29T22:43:22","date_gmt":"2019-01-29T22:43:22","guid":{"rendered":"http:\/\/www.fangosto.com\/am\/?page_id=304"},"modified":"2019-01-31T23:06:34","modified_gmt":"2019-01-31T23:06:34","slug":"pinta_y_colorea","status":"publish","type":"page","link":"https:\/\/www.fangosto.com\/am\/pinta_y_colorea\/","title":{"rendered":"pinta_y_colorea"},"content":{"rendered":"\t\t<div data-elementor-type=\"wp-post\" data-elementor-id=\"304\" class=\"elementor elementor-304 elementor-bc-flex-widget\" data-elementor-settings=\"[]\">\n\t\t\t\t\t\t<div class=\"elementor-inner\">\n\t\t\t\t\t\t\t<div class=\"elementor-section-wrap\">\n\t\t\t\t\t\t\t<section class=\"elementor-section elementor-top-section elementor-element elementor-element-bd07e3e elementor-section-boxed elementor-section-height-default elementor-section-height-default\" data-id=\"bd07e3e\" data-element_type=\"section\">\n\t\t\t\t\t\t<div class=\"elementor-container elementor-column-gap-default\">\n\t\t\t\t\t\t\t<div class=\"elementor-row\">\n\t\t\t\t\t<div class=\"elementor-column elementor-col-33 elementor-top-column elementor-element elementor-element-9dc4115\" data-id=\"9dc4115\" data-element_type=\"column\">\n\t\t\t<div class=\"elementor-column-wrap elementor-element-populated\">\n\t\t\t\t\t\t\t<div class=\"elementor-widget-wrap\">\n\t\t\t\t\t\t<div class=\"elementor-element elementor-element-ea423b9 elementor-widget elementor-widget-image\" data-id=\"ea423b9\" data-element_type=\"widget\" data-widget_type=\"image.default\">\n\t\t\t\t<div class=\"elementor-widget-container\">\n\t\t\t\t\t\t\t\t<div class=\"elementor-image\">\n\t\t\t\t\t\t\t\t\t\t\t\t<img width=\"300\" height=\"221\" src=\"https:\/\/www.fangosto.com\/am\/wp-content\/uploads\/2018\/11\/44-300x221.jpg\" class=\"attachment-medium size-medium\" alt=\"\" loading=\"lazy\" srcset=\"https:\/\/www.fangosto.com\/am\/wp-content\/uploads\/2018\/11\/44-300x221.jpg 300w, https:\/\/www.fangosto.com\/am\/wp-content\/uploads\/2018\/11\/44.jpg 720w\" sizes=\"100vw\" \/>\t\t\t\t\t\t\t\t\t\t\t\t\t\t<\/div>\n\t\t\t\t\t\t<\/div>\n\t\t\t\t<\/div>\n\t\t\t\t\t\t<\/div>\n\t\t\t\t\t<\/div>\n\t\t<\/div>\n\t\t\t\t<div class=\"elementor-column elementor-col-33 elementor-top-column elementor-element elementor-element-4c2ee67\" data-id=\"4c2ee67\" data-element_type=\"column\">\n\t\t\t<div class=\"elementor-column-wrap elementor-element-populated\">\n\t\t\t\t\t\t\t<div class=\"elementor-widget-wrap\">\n\t\t\t\t\t\t<div class=\"elementor-element elementor-element-509ccde elementor-widget elementor-widget-heading\" data-id=\"509ccde\" data-element_type=\"widget\" data-widget_type=\"heading.default\">\n\t\t\t\t<div class=\"elementor-widget-container\">\n\t\t\t<h2 class=\"elementor-heading-title elementor-size-default\">Pinta y Colorea<\/h2>\t\t<\/div>\n\t\t\t\t<\/div>\n\t\t\t\t\t\t<\/div>\n\t\t\t\t\t<\/div>\n\t\t<\/div>\n\t\t\t\t<div class=\"elementor-column elementor-col-33 elementor-top-column elementor-element elementor-element-e9393de\" data-id=\"e9393de\" data-element_type=\"column\">\n\t\t\t<div class=\"elementor-column-wrap elementor-element-populated\">\n\t\t\t\t\t\t\t<div class=\"elementor-widget-wrap\">\n\t\t\t\t\t\t<div class=\"elementor-element elementor-element-56c42bd elementor-align-right elementor-mobile-align-center elementor-invisible elementor-widget elementor-widget-default-navmenu\" data-id=\"56c42bd\" data-element_type=\"widget\" data-settings=\"{&quot;_animation&quot;:&quot;fadeInRight&quot;}\" data-widget_type=\"default-navmenu.default\">\n\t\t\t\t<div class=\"elementor-widget-container\">\n\t\t\t<div id=\"elementor-header-primary\" class=\"elementor-header\">\t\t\t<button id=\"elementor-menu-toggle\" class=\"elementor-menu-toggle\"><i class=\"fa fa-navicon\"><\/i><\/button>\n\t\t\t<div id=\"elementor-menu\" class=\"elementor-menu\">\n\t\t\t\n\t\t\t\t<nav itemtype=\"http:\/\/schema.org\/SiteNavigationElement\" itemscope=\"itemscope\" id=\"elementor-navigation\" class=\"elementor-navigation\" role=\"navigation\" aria-label=\"Elementor Menu\">\t\t\t\t\n\t\t\t\t<ul id=\"elementor-navmenu\" class=\"elementor-nav-menu\"><li id=\"menu-item-56\" class=\"menu-item menu-item-type-custom menu-item-object-custom menu-item-56\"><a href=\"http:\/\/www.fangosto.com\/am\/albertominguez\">Inicio<\/a><\/li>\n<li id=\"menu-item-300\" class=\"menu-item menu-item-type-post_type menu-item-object-page menu-item-300\"><a href=\"https:\/\/www.fangosto.com\/am\/sobre_mi\/\">Sobre m\u00ed<\/a><\/li>\n<li id=\"menu-item-314\" class=\"menu-item menu-item-type-post_type menu-item-object-page menu-item-314\"><a href=\"https:\/\/www.fangosto.com\/am\/pinta_y_colorea\/\">Pinta y colorea<\/a><\/li>\n<li id=\"menu-item-340\" class=\"menu-item menu-item-type-post_type menu-item-object-page menu-item-340\"><a href=\"https:\/\/www.fangosto.com\/am\/albertominguez\/performance\/\">Performance<\/a><\/li>\n<\/ul>\t\t\n\t\t\t\t\t\t\t\t<\/nav>\n\t\t\t<\/div>\n\t\t<\/div>\n\t\t\t\t<\/div>\n\t\t\t\t<\/div>\n\t\t\t\t\t\t<\/div>\n\t\t\t\t\t<\/div>\n\t\t<\/div>\n\t\t\t\t\t\t\t\t<\/div>\n\t\t\t\t\t<\/div>\n\t\t<\/section>\n\t\t\t\t<section class=\"elementor-section elementor-top-section elementor-element elementor-element-7904cea elementor-section-boxed elementor-section-height-default elementor-section-height-default\" data-id=\"7904cea\" data-element_type=\"section\">\n\t\t\t\t\t\t<div class=\"elementor-container elementor-column-gap-default\">\n\t\t\t\t\t\t\t<div class=\"elementor-row\">\n\t\t\t\t\t<div class=\"elementor-column elementor-col-50 elementor-top-column elementor-element elementor-element-206a953\" data-id=\"206a953\" data-element_type=\"column\">\n\t\t\t<div class=\"elementor-column-wrap elementor-element-populated\">\n\t\t\t\t\t\t\t<div class=\"elementor-widget-wrap\">\n\t\t\t\t\t\t<div class=\"elementor-element elementor-element-533845c elementor-widget elementor-widget-image\" data-id=\"533845c\" data-element_type=\"widget\" data-widget_type=\"image.default\">\n\t\t\t\t<div class=\"elementor-widget-container\">\n\t\t\t\t\t\t\t\t<div class=\"elementor-image\">\n\t\t\t\t\t\t\t\t\t\t\t\t<img width=\"362\" height=\"266\" src=\"https:\/\/www.fangosto.com\/am\/wp-content\/uploads\/2018\/11\/PC1.jpg\" class=\"attachment-full size-full\" alt=\"\" loading=\"lazy\" srcset=\"https:\/\/www.fangosto.com\/am\/wp-content\/uploads\/2018\/11\/PC1.jpg 362w, https:\/\/www.fangosto.com\/am\/wp-content\/uploads\/2018\/11\/PC1-300x220.jpg 300w\" sizes=\"100vw\" \/>\t\t\t\t\t\t\t\t\t\t\t\t\t\t<\/div>\n\t\t\t\t\t\t<\/div>\n\t\t\t\t<\/div>\n\t\t\t\t<div class=\"elementor-element elementor-element-dd23bb8 elementor-widget elementor-widget-text-editor\" data-id=\"dd23bb8\" data-element_type=\"widget\" data-widget_type=\"text-editor.default\">\n\t\t\t\t<div class=\"elementor-widget-container\">\n\t\t\t\t\t\t\t\t<div class=\"elementor-text-editor elementor-clearfix\">\n\t\t\t\t<p>Cuando celebres una fiesta, una boda, un aniversario siempre has querido fotografiar el momento, \u00e9se instante \u00fanico en el que los protagonistas son los fotografiados, los que aparecen en la imagen.<br \/><br \/>Si quisieras un cuadro , una imagen distinta del evento tendr\u00edas que contratar a un pintor para que desde una foto te pinte esa imagen.<br \/><br \/>\u00bfQu\u00e9 te parece si esa imagen la pueden hacer TODOS LOS AMIGOS, TODOS LOS INVITADOS, TODOS LOS FAMILIARES que est\u00e9n en ese momento \u00fanico? Que colaboren TODOS Y TENGAS UN RECUERDO DE TODOS!!!<br \/><br \/>Te propongo lo siguiente: llevo un lienzo del tama\u00f1o que quieras; instalo mi caballete;\u00a0 dibujo y perfilo la imagen cuando est\u00e1n todos los invitados hablando, tomando un aperitivo; antes de la cena despu\u00e9s en la fiesta: el momento que elija el cliente, el instante que prefieras.<\/p>\t\t\t\t\t<\/div>\n\t\t\t\t\t\t<\/div>\n\t\t\t\t<\/div>\n\t\t\t\t\t\t<\/div>\n\t\t\t\t\t<\/div>\n\t\t<\/div>\n\t\t\t\t<div class=\"elementor-column elementor-col-50 elementor-top-column elementor-element elementor-element-0075f36\" data-id=\"0075f36\" data-element_type=\"column\">\n\t\t\t<div class=\"elementor-column-wrap elementor-element-populated\">\n\t\t\t\t\t\t\t<div class=\"elementor-widget-wrap\">\n\t\t\t\t\t\t<div class=\"elementor-element elementor-element-4ce6307 elementor-widget elementor-widget-image\" data-id=\"4ce6307\" data-element_type=\"widget\" data-widget_type=\"image.default\">\n\t\t\t\t<div class=\"elementor-widget-container\">\n\t\t\t\t\t\t\t\t<div class=\"elementor-image\">\n\t\t\t\t\t\t\t\t\t\t\t\t<img width=\"720\" height=\"530\" src=\"https:\/\/www.fangosto.com\/am\/wp-content\/uploads\/2018\/11\/PC2.jpg\" class=\"attachment-full size-full\" alt=\"\" loading=\"lazy\" srcset=\"https:\/\/www.fangosto.com\/am\/wp-content\/uploads\/2018\/11\/PC2.jpg 720w, https:\/\/www.fangosto.com\/am\/wp-content\/uploads\/2018\/11\/PC2-300x221.jpg 300w\" sizes=\"100vw\" \/>\t\t\t\t\t\t\t\t\t\t\t\t\t\t<\/div>\n\t\t\t\t\t\t<\/div>\n\t\t\t\t<\/div>\n\t\t\t\t<div class=\"elementor-element elementor-element-9944135 elementor-widget elementor-widget-text-editor\" data-id=\"9944135\" data-element_type=\"widget\" data-widget_type=\"text-editor.default\">\n\t\t\t\t<div class=\"elementor-widget-container\">\n\t\t\t\t\t\t\t\t<div class=\"elementor-text-editor elementor-clearfix\">\n\t\t\t\tDibujo la imagen que se te ocurra y est\u00e9is all\u00ed todos presentes, con todo lo que quieras que aparezca: el sal\u00f3n de fiestas, las arcadas del restaurante o el elemento que identifique el lugar donde haces la fiesta ; todos los invitados&#8230; y acto seguido y con mi asesoramiento invito a todos los invitados a que PINTEN CADA UNO un trozo del cuadro.<br><br>Cada uno de los invitados o amigo y de una forma informal y divertida (y limpia&#8230; ya procurar\u00e9 que sea as\u00ed) pinte y colabore cada uno en ese cuadro.<br><br>El resultado final es como este.<br><br>\nUN PINTA Y COLOREA \u00fanico.\n\nUn recuerdo imborrable y que han colaborado todos los invitados que est\u00e9n all\u00ed en ese preciso e inolvidable momento.\t\t\t\t\t<\/div>\n\t\t\t\t\t\t<\/div>\n\t\t\t\t<\/div>\n\t\t\t\t\t\t<\/div>\n\t\t\t\t\t<\/div>\n\t\t<\/div>\n\t\t\t\t\t\t\t\t<\/div>\n\t\t\t\t\t<\/div>\n\t\t<\/section>\n\t\t\t\t<section class=\"elementor-section elementor-top-section elementor-element elementor-element-77d46a0 elementor-section-boxed elementor-section-height-default elementor-section-height-default\" data-id=\"77d46a0\" data-element_type=\"section\" data-settings=\"{&quot;background_background&quot;:&quot;classic&quot;}\">\n\t\t\t\t\t\t<div class=\"elementor-container elementor-column-gap-default\">\n\t\t\t\t\t\t\t<div class=\"elementor-row\">\n\t\t\t\t\t<div class=\"elementor-column elementor-col-100 elementor-top-column elementor-element elementor-element-5d58502f\" data-id=\"5d58502f\" data-element_type=\"column\">\n\t\t\t<div class=\"elementor-column-wrap elementor-element-populated\">\n\t\t\t\t\t\t\t<div class=\"elementor-widget-wrap\">\n\t\t\t\t\t\t<div class=\"elementor-element elementor-element-2b58cd06 elementor-shape-circle elementor-grid-0 e-grid-align-center elementor-widget elementor-widget-social-icons\" data-id=\"2b58cd06\" data-element_type=\"widget\" data-widget_type=\"social-icons.default\">\n\t\t\t\t<div class=\"elementor-widget-container\">\n\t\t\t\t\t<div class=\"elementor-social-icons-wrapper elementor-grid\">\n\t\t\t\t\t\t\t<span class=\"elementor-grid-item\">\n\t\t\t\t\t<a class=\"elementor-icon elementor-social-icon elementor-social-icon-envelope elementor-repeater-item-8d09afd\" href=\"mailto:onebigtime@hotmail.es\" target=\"_blank\">\n\t\t\t\t\t\t<span class=\"elementor-screen-only\">Envelope<\/span>\n\t\t\t\t\t\t\t\t\t\t\t\t\t<i class=\"fa fa-envelope\"><\/i>\n\t\t\t\t\t\t\t\t\t\t\t<\/a>\n\t\t\t\t<\/span>\n\t\t\t\t\t\t\t<span class=\"elementor-grid-item\">\n\t\t\t\t\t<a class=\"elementor-icon elementor-social-icon elementor-social-icon-facebook elementor-repeater-item-dc99a00\" href=\"https:\/\/www.facebook.com\/alberto.minguezcarrasco\" target=\"_blank\">\n\t\t\t\t\t\t<span class=\"elementor-screen-only\">Facebook<\/span>\n\t\t\t\t\t\t\t\t\t\t\t\t\t<i class=\"fa fa-facebook\"><\/i>\n\t\t\t\t\t\t\t\t\t\t\t<\/a>\n\t\t\t\t<\/span>\n\t\t\t\t\t\t\t<span class=\"elementor-grid-item\">\n\t\t\t\t\t<a class=\"elementor-icon elementor-social-icon elementor-social-icon-pinterest elementor-repeater-item-ec332da\" href=\"https:\/\/www.pinterest.com\/albertominguez\" target=\"_blank\">\n\t\t\t\t\t\t<span class=\"elementor-screen-only\">Pinterest<\/span>\n\t\t\t\t\t\t\t\t\t\t\t\t\t<i class=\"fa fa-pinterest\"><\/i>\n\t\t\t\t\t\t\t\t\t\t\t<\/a>\n\t\t\t\t<\/span>\n\t\t\t\t\t\t\t<span class=\"elementor-grid-item\">\n\t\t\t\t\t<a class=\"elementor-icon elementor-social-icon elementor-social-icon-flickr elementor-repeater-item-1bcc65a\" href=\"http:\/\/www.flickr.com\/people\/109210747@N03\" target=\"_blank\">\n\t\t\t\t\t\t<span class=\"elementor-screen-only\">Flickr<\/span>\n\t\t\t\t\t\t\t\t\t\t\t\t\t<i class=\"fa fa-flickr\"><\/i>\n\t\t\t\t\t\t\t\t\t\t\t<\/a>\n\t\t\t\t<\/span>\n\t\t\t\t\t\t\t<span class=\"elementor-grid-item\">\n\t\t\t\t\t<a class=\"elementor-icon elementor-social-icon elementor-social-icon-whatsapp elementor-repeater-item-f5a9667\" href=\"https:\/\/api.whatsapp.com\/send?phone=+34618777667\" target=\"_blank\">\n\t\t\t\t\t\t<span class=\"elementor-screen-only\">Whatsapp<\/span>\n\t\t\t\t\t\t\t\t\t\t\t\t\t<i class=\"fa fa-whatsapp\"><\/i>\n\t\t\t\t\t\t\t\t\t\t\t<\/a>\n\t\t\t\t<\/span>\n\t\t\t\t\t<\/div>\n\t\t\t\t<\/div>\n\t\t\t\t<\/div>\n\t\t\t\t\t\t<\/div>\n\t\t\t\t\t<\/div>\n\t\t<\/div>\n\t\t\t\t\t\t\t\t<\/div>\n\t\t\t\t\t<\/div>\n\t\t<\/section>\n\t\t\t\t\t\t<\/div>\n\t\t\t\t\t\t<\/div>\n\t\t\t\t\t<\/div>\n\t\t","protected":false},"excerpt":{"rendered":"<p>Pinta y Colorea Inicio Sobre m\u00ed Pinta y colorea Cuando celebres una fiesta, una boda, un aniversario siempre has querido fotografiar el momento, \u00e9se instante \u00fanico en el que los protagonistas son los fotografiados, los que aparecen en la imagen. Si quisieras un cuadro , una imagen distinta del evento tendr\u00edas que contratar a un &hellip; <\/p>\n<p class=\"link-more\"><a href=\"https:\/\/www.fangosto.com\/am\/pinta_y_colorea\/\" class=\"more-link\">Continuar leyendo<span class=\"screen-reader-text\"> \u00abpinta_y_colorea\u00bb<\/span><\/a><\/p>\n","protected":false},"author":1,"featured_media":0,"parent":0,"menu_order":0,"comment_status":"closed","ping_status":"closed","template":"elementor_canvas","meta":[],"_links":{"self":[{"href":"https:\/\/www.fangosto.com\/am\/wp-json\/wp\/v2\/pages\/304"}],"collection":[{"href":"https:\/\/www.fangosto.com\/am\/wp-json\/wp\/v2\/pages"}],"about":[{"href":"https:\/\/www.fangosto.com\/am\/wp-json\/wp\/v2\/types\/page"}],"author":[{"embeddable":true,"href":"https:\/\/www.fangosto.com\/am\/wp-json\/wp\/v2\/users\/1"}],"replies":[{"embeddable":true,"href":"https:\/\/www.fangosto.com\/am\/wp-json\/wp\/v2\/comments?post=304"}],"version-history":[{"count":15,"href":"https:\/\/www.fangosto.com\/am\/wp-json\/wp\/v2\/pages\/304\/revisions"}],"predecessor-version":[{"id":323,"href":"https:\/\/www.fangosto.com\/am\/wp-json\/wp\/v2\/pages\/304\/revisions\/323"}],"wp:attachment":[{"href":"https:\/\/www.fangosto.com\/am\/wp-json\/wp\/v2\/media?parent=304"}],"curies":[{"name":"wp","href":"https:\/\/api.w.org\/{rel}","templated":true}]}}