{"id":326,"date":"2019-02-05T22:15:33","date_gmt":"2019-02-05T22:15:33","guid":{"rendered":"http:\/\/www.fangosto.com\/am\/?page_id=326"},"modified":"2019-03-06T23:37:22","modified_gmt":"2019-03-06T23:37:22","slug":"performance","status":"publish","type":"page","link":"https:\/\/www.fangosto.com\/am\/albertominguez\/performance\/","title":{"rendered":"Performance"},"content":{"rendered":"\t\t<div data-elementor-type=\"wp-post\" data-elementor-id=\"326\" class=\"elementor elementor-326 elementor-bc-flex-widget\" data-elementor-settings=\"[]\">\n\t\t\t\t\t\t<div class=\"elementor-inner\">\n\t\t\t\t\t\t\t<div class=\"elementor-section-wrap\">\n\t\t\t\t\t\t\t<section class=\"elementor-section elementor-top-section elementor-element elementor-element-07fca83 elementor-section-boxed elementor-section-height-default elementor-section-height-default\" data-id=\"07fca83\" data-element_type=\"section\">\n\t\t\t\t\t\t<div class=\"elementor-container elementor-column-gap-default\">\n\t\t\t\t\t\t\t<div class=\"elementor-row\">\n\t\t\t\t\t<div class=\"elementor-column elementor-col-33 elementor-top-column elementor-element elementor-element-eaba329\" data-id=\"eaba329\" data-element_type=\"column\">\n\t\t\t<div class=\"elementor-column-wrap elementor-element-populated\">\n\t\t\t\t\t\t\t<div class=\"elementor-widget-wrap\">\n\t\t\t\t\t\t<div class=\"elementor-element elementor-element-41f6075 elementor-widget elementor-widget-image\" data-id=\"41f6075\" data-element_type=\"widget\" data-widget_type=\"image.default\">\n\t\t\t\t<div class=\"elementor-widget-container\">\n\t\t\t\t\t\t\t\t<div class=\"elementor-image\">\n\t\t\t\t\t\t\t\t\t\t\t\t<img width=\"258\" height=\"172\" src=\"https:\/\/www.fangosto.com\/am\/wp-content\/uploads\/2018\/11\/PyT2.jpg\" class=\"attachment-medium size-medium\" alt=\"\" loading=\"lazy\" sizes=\"100vw\" \/>\t\t\t\t\t\t\t\t\t\t\t\t\t\t<\/div>\n\t\t\t\t\t\t<\/div>\n\t\t\t\t<\/div>\n\t\t\t\t\t\t<\/div>\n\t\t\t\t\t<\/div>\n\t\t<\/div>\n\t\t\t\t<div class=\"elementor-column elementor-col-33 elementor-top-column elementor-element elementor-element-08eab74\" data-id=\"08eab74\" data-element_type=\"column\">\n\t\t\t<div class=\"elementor-column-wrap elementor-element-populated\">\n\t\t\t\t\t\t\t<div class=\"elementor-widget-wrap\">\n\t\t\t\t\t\t<div class=\"elementor-element elementor-element-1526dab elementor-widget elementor-widget-heading\" data-id=\"1526dab\" data-element_type=\"widget\" data-widget_type=\"heading.default\">\n\t\t\t\t<div class=\"elementor-widget-container\">\n\t\t\t<h2 class=\"elementor-heading-title elementor-size-default\">Performance<\/h2>\t\t<\/div>\n\t\t\t\t<\/div>\n\t\t\t\t\t\t<\/div>\n\t\t\t\t\t<\/div>\n\t\t<\/div>\n\t\t\t\t<div class=\"elementor-column elementor-col-33 elementor-top-column elementor-element elementor-element-3a0ce64\" data-id=\"3a0ce64\" data-element_type=\"column\">\n\t\t\t<div class=\"elementor-column-wrap elementor-element-populated\">\n\t\t\t\t\t\t\t<div class=\"elementor-widget-wrap\">\n\t\t\t\t\t\t<div class=\"elementor-element elementor-element-cd74a7c elementor-align-right elementor-mobile-align-center elementor-invisible elementor-widget elementor-widget-default-navmenu\" data-id=\"cd74a7c\" data-element_type=\"widget\" data-settings=\"{&quot;_animation&quot;:&quot;fadeInRight&quot;}\" data-widget_type=\"default-navmenu.default\">\n\t\t\t\t<div class=\"elementor-widget-container\">\n\t\t\t<div id=\"elementor-header-primary\" class=\"elementor-header\">\t\t\t<button id=\"elementor-menu-toggle\" class=\"elementor-menu-toggle\"><i class=\"fa fa-navicon\"><\/i><\/button>\n\t\t\t<div id=\"elementor-menu\" class=\"elementor-menu\">\n\t\t\t\n\t\t\t\t<nav itemtype=\"http:\/\/schema.org\/SiteNavigationElement\" itemscope=\"itemscope\" id=\"elementor-navigation\" class=\"elementor-navigation\" role=\"navigation\" aria-label=\"Elementor Menu\">\t\t\t\t\n\t\t\t\t<ul id=\"elementor-navmenu\" class=\"elementor-nav-menu\"><li id=\"menu-item-56\" class=\"menu-item menu-item-type-custom menu-item-object-custom menu-item-56\"><a href=\"http:\/\/www.fangosto.com\/am\/albertominguez\">Inicio<\/a><\/li>\n<li id=\"menu-item-300\" class=\"menu-item menu-item-type-post_type menu-item-object-page menu-item-300\"><a href=\"https:\/\/www.fangosto.com\/am\/sobre_mi\/\">Sobre m\u00ed<\/a><\/li>\n<li id=\"menu-item-314\" class=\"menu-item menu-item-type-post_type menu-item-object-page menu-item-314\"><a href=\"https:\/\/www.fangosto.com\/am\/pinta_y_colorea\/\">Pinta y colorea<\/a><\/li>\n<li id=\"menu-item-340\" class=\"menu-item menu-item-type-post_type menu-item-object-page menu-item-340\"><a href=\"https:\/\/www.fangosto.com\/am\/albertominguez\/performance\/\">Performance<\/a><\/li>\n<\/ul>\t\t\n\t\t\t\t\t\t\t\t<\/nav>\n\t\t\t<\/div>\n\t\t<\/div>\n\t\t\t\t<\/div>\n\t\t\t\t<\/div>\n\t\t\t\t\t\t<\/div>\n\t\t\t\t\t<\/div>\n\t\t<\/div>\n\t\t\t\t\t\t\t\t<\/div>\n\t\t\t\t\t<\/div>\n\t\t<\/section>\n\t\t\t\t<section class=\"elementor-section elementor-top-section elementor-element elementor-element-13602f3 elementor-section-boxed elementor-section-height-default elementor-section-height-default\" data-id=\"13602f3\" data-element_type=\"section\">\n\t\t\t\t\t\t<div class=\"elementor-container elementor-column-gap-default\">\n\t\t\t\t\t\t\t<div class=\"elementor-row\">\n\t\t\t\t\t<div class=\"elementor-column elementor-col-100 elementor-top-column elementor-element elementor-element-d613e5d\" data-id=\"d613e5d\" data-element_type=\"column\">\n\t\t\t<div class=\"elementor-column-wrap elementor-element-populated\">\n\t\t\t\t\t\t\t<div class=\"elementor-widget-wrap\">\n\t\t\t\t\t\t<div class=\"elementor-element elementor-element-a313b12 elementor-widget elementor-widget-html\" data-id=\"a313b12\" data-element_type=\"widget\" data-widget_type=\"html.default\">\n\t\t\t\t<div class=\"elementor-widget-container\">\n\t\t\t<div style=\"color:white\">TODO SE UNE EN ESCENARIO<br><br>\r\n<img src=\"http:\/\/www.fangosto.com\/am\/wp-content\/uploads\/2018\/10\/PyT4.jpg\" style=\"width:15em;height:auto;float:left;margin:0 4em 2em 0\">\r\nLa posibilidad de que se junte al mismo tiempo mi pintura y el arte esc\u00e9nico en todas sus disciplinas ofrece al espectador una experiencia para todos sus sentidos: escucha y ver; observar y sentir.Bailar y cantar.Ofrecer al espectador varios puntos de vista al mismo tiempo.<br><br>Las opciones y mi experiencia que ofrecen mis actuaciones  son:<br><br><ul style=\"padding-left: 4em;\"><li>Pintar un mural en un escenario en vivo.<\/li><li>Con pintura aguada crear una pintura en una tela semitransparente de amplias dimensiones que pueda ver el espectador por detr\u00e1s lo que voy pintando.<\/li><li>Expresar en una tela las evocaciones de un recital de poes\u00edas; de un mon\u00f3logo; de una presentaci\u00f3n de un libro<\/li><li>Poder cantar canciones junto con un grupo de m\u00fasica y pintar al mismo tiempo sus ritmos.<\/li><li>Inaugurar un restaurante y pintar su primer dia de vida con la imagen de \u00e9se d\u00eda...los invitados...el local.<\/li><li>Fiestas con tem\u00e1tica en concreto y plasmar mientras tanto su ambiente, el color, las personas bailando...casi hasta la m\u00fasica.<\/li><li>Crear un escenario para una obra de teatro en tiempo real.<\/li><\/ul><br><br>LA MAGIA DE LA PINTURA SALE DEL ESTUDIO PARA QUE LO VEA EL P\u00daBLICO.<\/div>\t\t<\/div>\n\t\t\t\t<\/div>\n\t\t\t\t\t\t<\/div>\n\t\t\t\t\t<\/div>\n\t\t<\/div>\n\t\t\t\t\t\t\t\t<\/div>\n\t\t\t\t\t<\/div>\n\t\t<\/section>\n\t\t\t\t<section class=\"elementor-section elementor-top-section elementor-element elementor-element-6d3f908a elementor-section-boxed elementor-section-height-default elementor-section-height-default\" data-id=\"6d3f908a\" data-element_type=\"section\" data-settings=\"{&quot;background_background&quot;:&quot;classic&quot;}\">\n\t\t\t\t\t\t<div class=\"elementor-container elementor-column-gap-default\">\n\t\t\t\t\t\t\t<div class=\"elementor-row\">\n\t\t\t\t\t<div class=\"elementor-column elementor-col-100 elementor-top-column elementor-element elementor-element-1003dd45\" data-id=\"1003dd45\" data-element_type=\"column\">\n\t\t\t<div class=\"elementor-column-wrap elementor-element-populated\">\n\t\t\t\t\t\t\t<div class=\"elementor-widget-wrap\">\n\t\t\t\t\t\t<div class=\"elementor-element elementor-element-ddbdd83 elementor-shape-circle elementor-grid-0 e-grid-align-center elementor-widget elementor-widget-social-icons\" data-id=\"ddbdd83\" data-element_type=\"widget\" data-widget_type=\"social-icons.default\">\n\t\t\t\t<div class=\"elementor-widget-container\">\n\t\t\t\t\t<div class=\"elementor-social-icons-wrapper elementor-grid\">\n\t\t\t\t\t\t\t<span class=\"elementor-grid-item\">\n\t\t\t\t\t<a class=\"elementor-icon elementor-social-icon elementor-social-icon-envelope elementor-repeater-item-8d09afd\" href=\"mailto:onebigtime@hotmail.es\" target=\"_blank\">\n\t\t\t\t\t\t<span class=\"elementor-screen-only\">Envelope<\/span>\n\t\t\t\t\t\t\t\t\t\t\t\t\t<i class=\"fa fa-envelope\"><\/i>\n\t\t\t\t\t\t\t\t\t\t\t<\/a>\n\t\t\t\t<\/span>\n\t\t\t\t\t\t\t<span class=\"elementor-grid-item\">\n\t\t\t\t\t<a class=\"elementor-icon elementor-social-icon elementor-social-icon-facebook elementor-repeater-item-dc99a00\" href=\"https:\/\/www.facebook.com\/alberto.minguezcarrasco\" target=\"_blank\">\n\t\t\t\t\t\t<span class=\"elementor-screen-only\">Facebook<\/span>\n\t\t\t\t\t\t\t\t\t\t\t\t\t<i class=\"fa fa-facebook\"><\/i>\n\t\t\t\t\t\t\t\t\t\t\t<\/a>\n\t\t\t\t<\/span>\n\t\t\t\t\t\t\t<span class=\"elementor-grid-item\">\n\t\t\t\t\t<a class=\"elementor-icon elementor-social-icon elementor-social-icon-pinterest elementor-repeater-item-ec332da\" href=\"https:\/\/www.pinterest.com\/albertominguez\" target=\"_blank\">\n\t\t\t\t\t\t<span class=\"elementor-screen-only\">Pinterest<\/span>\n\t\t\t\t\t\t\t\t\t\t\t\t\t<i class=\"fa fa-pinterest\"><\/i>\n\t\t\t\t\t\t\t\t\t\t\t<\/a>\n\t\t\t\t<\/span>\n\t\t\t\t\t\t\t<span class=\"elementor-grid-item\">\n\t\t\t\t\t<a class=\"elementor-icon elementor-social-icon elementor-social-icon-flickr elementor-repeater-item-1bcc65a\" href=\"http:\/\/www.flickr.com\/people\/109210747@N03\" target=\"_blank\">\n\t\t\t\t\t\t<span class=\"elementor-screen-only\">Flickr<\/span>\n\t\t\t\t\t\t\t\t\t\t\t\t\t<i class=\"fa fa-flickr\"><\/i>\n\t\t\t\t\t\t\t\t\t\t\t<\/a>\n\t\t\t\t<\/span>\n\t\t\t\t\t\t\t<span class=\"elementor-grid-item\">\n\t\t\t\t\t<a class=\"elementor-icon elementor-social-icon elementor-social-icon-whatsapp elementor-repeater-item-f5a9667\" href=\"https:\/\/api.whatsapp.com\/send?phone=+34618777667\" target=\"_blank\">\n\t\t\t\t\t\t<span class=\"elementor-screen-only\">Whatsapp<\/span>\n\t\t\t\t\t\t\t\t\t\t\t\t\t<i class=\"fa fa-whatsapp\"><\/i>\n\t\t\t\t\t\t\t\t\t\t\t<\/a>\n\t\t\t\t<\/span>\n\t\t\t\t\t<\/div>\n\t\t\t\t<\/div>\n\t\t\t\t<\/div>\n\t\t\t\t\t\t<\/div>\n\t\t\t\t\t<\/div>\n\t\t<\/div>\n\t\t\t\t\t\t\t\t<\/div>\n\t\t\t\t\t<\/div>\n\t\t<\/section>\n\t\t\t\t\t\t<\/div>\n\t\t\t\t\t\t<\/div>\n\t\t\t\t\t<\/div>\n\t\t","protected":false},"excerpt":{"rendered":"<p>Performance Inicio Sobre m\u00ed Pinta y colorea Performance TODO SE UNE EN ESCENARIO La posibilidad de que se junte al mismo tiempo mi pintura y el arte esc\u00e9nico en todas sus disciplinas ofrece al espectador una experiencia para todos sus sentidos: escucha y ver; observar y sentir.Bailar y cantar.Ofrecer al espectador varios puntos de vista &hellip; <\/p>\n<p class=\"link-more\"><a href=\"https:\/\/www.fangosto.com\/am\/albertominguez\/performance\/\" class=\"more-link\">Continuar leyendo<span class=\"screen-reader-text\"> \u00abPerformance\u00bb<\/span><\/a><\/p>\n","protected":false},"author":1,"featured_media":0,"parent":155,"menu_order":0,"comment_status":"closed","ping_status":"closed","template":"elementor_canvas","meta":[],"_links":{"self":[{"href":"https:\/\/www.fangosto.com\/am\/wp-json\/wp\/v2\/pages\/326"}],"collection":[{"href":"https:\/\/www.fangosto.com\/am\/wp-json\/wp\/v2\/pages"}],"about":[{"href":"https:\/\/www.fangosto.com\/am\/wp-json\/wp\/v2\/types\/page"}],"author":[{"embeddable":true,"href":"https:\/\/www.fangosto.com\/am\/wp-json\/wp\/v2\/users\/1"}],"replies":[{"embeddable":true,"href":"https:\/\/www.fangosto.com\/am\/wp-json\/wp\/v2\/comments?post=326"}],"version-history":[{"count":7,"href":"https:\/\/www.fangosto.com\/am\/wp-json\/wp\/v2\/pages\/326\/revisions"}],"predecessor-version":[{"id":349,"href":"https:\/\/www.fangosto.com\/am\/wp-json\/wp\/v2\/pages\/326\/revisions\/349"}],"up":[{"embeddable":true,"href":"https:\/\/www.fangosto.com\/am\/wp-json\/wp\/v2\/pages\/155"}],"wp:attachment":[{"href":"https:\/\/www.fangosto.com\/am\/wp-json\/wp\/v2\/media?parent=326"}],"curies":[{"name":"wp","href":"https:\/\/api.w.org\/{rel}","templated":true}]}}